{"id":1494,"date":"2023-11-04T10:12:24","date_gmt":"2023-11-04T09:12:24","guid":{"rendered":"https:\/\/rosycakesmadrid.com\/?page_id=1494"},"modified":"2024-02-08T14:08:58","modified_gmt":"2024-02-08T13:08:58","slug":"galeria-de-fotos-de-tartas","status":"publish","type":"page","link":"https:\/\/rosycakesmadrid.com\/en\/photo-gallery-of-cakes\/","title":{"rendered":"Cake Photo Gallery"},"content":{"rendered":"<div data-elementor-type=\"wp-page\" data-elementor-id=\"1494\" class=\"elementor elementor-1494\" data-elementor-post-type=\"page\">\n\t\t\t\t<div class=\"elementor-element elementor-element-b60725b e-flex e-con-boxed e-con e-parent\" data-id=\"b60725b\" data-element_type=\"container\" data-settings=\"{&quot;background_background&quot;:&quot;classic&quot;,&quot;motion_fx_motion_fx_scrolling&quot;:&quot;yes&quot;,&quot;background_motion_fx_motion_fx_scrolling&quot;:&quot;yes&quot;,&quot;background_motion_fx_scale_effect&quot;:&quot;yes&quot;,&quot;_ob_use_container_extras&quot;:&quot;no&quot;,&quot;background_motion_fx_scale_direction&quot;:&quot;out-in&quot;,&quot;background_motion_fx_scale_speed&quot;:{&quot;unit&quot;:&quot;px&quot;,&quot;size&quot;:4,&quot;sizes&quot;:[]},&quot;background_motion_fx_scale_range&quot;:{&quot;unit&quot;:&quot;%&quot;,&quot;size&quot;:&quot;&quot;,&quot;sizes&quot;:{&quot;start&quot;:20,&quot;end&quot;:80}},&quot;background_motion_fx_devices&quot;:[&quot;desktop&quot;,&quot;tablet&quot;,&quot;mobile&quot;],&quot;_ob_column_hoveranimator&quot;:&quot;no&quot;,&quot;_ob_glider_is_slider&quot;:&quot;no&quot;,&quot;_ob_column_has_pseudo&quot;:&quot;no&quot;,&quot;motion_fx_devices&quot;:[&quot;desktop&quot;,&quot;tablet&quot;,&quot;mobile&quot;]}\">\n\t\t\t\t\t<div class=\"e-con-inner\">\n\t\t<div class=\"elementor-element elementor-element-6288ec4 e-con-full e-flex e-con e-parent\" data-id=\"6288ec4\" data-element_type=\"container\" data-settings=\"{&quot;_ob_use_container_extras&quot;:&quot;no&quot;,&quot;_ob_column_hoveranimator&quot;:&quot;no&quot;,&quot;_ob_glider_is_slider&quot;:&quot;no&quot;,&quot;_ob_column_has_pseudo&quot;:&quot;no&quot;}\">\n\t\t\t\t<\/div>\n\t\t<div class=\"elementor-element elementor-element-c6616c2 e-con-full e-flex elementor-invisible e-con e-parent\" data-id=\"c6616c2\" data-element_type=\"container\" data-settings=\"{&quot;background_background&quot;:&quot;classic&quot;,&quot;motion_fx_motion_fx_scrolling&quot;:&quot;yes&quot;,&quot;animation&quot;:&quot;fadeIn&quot;,&quot;_ob_use_container_extras&quot;:&quot;no&quot;,&quot;_ob_column_hoveranimator&quot;:&quot;no&quot;,&quot;_ob_glider_is_slider&quot;:&quot;no&quot;,&quot;_ob_column_has_pseudo&quot;:&quot;no&quot;,&quot;motion_fx_devices&quot;:[&quot;desktop&quot;,&quot;tablet&quot;,&quot;mobile&quot;]}\">\n\t\t\t\t<div class=\"elementor-element elementor-element-361a9f2 ob-harakiri-inherit ob-has-background-overlay elementor-widget elementor-widget-heading\" data-id=\"361a9f2\" data-element_type=\"widget\" data-settings=\"{&quot;_ob_use_harakiri&quot;:&quot;yes&quot;,&quot;_ob_harakiri_writing_mode&quot;:&quot;inherit&quot;,&quot;_ob_harakiri_text_clip&quot;:&quot;none&quot;,&quot;_ob_widget_stalker_use&quot;:&quot;no&quot;,&quot;_ob_poopart_use&quot;:&quot;yes&quot;,&quot;_ob_shadough_use&quot;:&quot;no&quot;,&quot;_ob_allow_hoveranimator&quot;:&quot;no&quot;}\" data-widget_type=\"heading.default\">\n\t\t\t\t\t<h1 class=\"elementor-heading-title elementor-size-default\">Cake Photo Gallery<\/h1>\t\t\t\t<\/div>\n\t\t\t\t<\/div>\n\t\t<div class=\"elementor-element elementor-element-d295964 e-con-full e-flex e-con e-parent\" data-id=\"d295964\" data-element_type=\"container\" data-settings=\"{&quot;_ob_use_container_extras&quot;:&quot;no&quot;,&quot;_ob_column_hoveranimator&quot;:&quot;no&quot;,&quot;_ob_glider_is_slider&quot;:&quot;no&quot;,&quot;_ob_column_has_pseudo&quot;:&quot;no&quot;}\">\n\t\t\t\t<\/div>\n\t\t\t\t\t<\/div>\n\t\t\t\t<\/div>\n\t\t<div class=\"elementor-element elementor-element-510f4d2 e-flex e-con-boxed e-con e-parent\" data-id=\"510f4d2\" data-element_type=\"container\" data-settings=\"{&quot;_ob_use_container_extras&quot;:&quot;no&quot;,&quot;_ob_column_hoveranimator&quot;:&quot;no&quot;,&quot;_ob_glider_is_slider&quot;:&quot;no&quot;,&quot;_ob_column_has_pseudo&quot;:&quot;no&quot;}\">\n\t\t\t\t\t<div class=\"e-con-inner\">\n\t\t<div class=\"elementor-element elementor-element-3c89796 e-con-full e-flex e-con e-parent\" data-id=\"3c89796\" data-element_type=\"container\" data-settings=\"{&quot;_ob_use_container_extras&quot;:&quot;no&quot;,&quot;_ob_column_hoveranimator&quot;:&quot;no&quot;,&quot;_ob_glider_is_slider&quot;:&quot;no&quot;,&quot;_ob_column_has_pseudo&quot;:&quot;no&quot;}\">\n\t\t\t\t<div class=\"elementor-element elementor-element-919f03e elementor-position-top ob-has-background-overlay elementor-widget elementor-widget-image-box\" data-id=\"919f03e\" data-element_type=\"widget\" data-settings=\"{&quot;_ob_widget_stalker_use&quot;:&quot;no&quot;,&quot;_ob_poopart_use&quot;:&quot;yes&quot;,&quot;_ob_shadough_use&quot;:&quot;no&quot;,&quot;_ob_allow_hoveranimator&quot;:&quot;no&quot;}\" data-widget_type=\"image-box.default\">\n\t\t\t\t\t<div class=\"elementor-image-box-wrapper\"><figure class=\"elementor-image-box-img\"><a href=\"https:\/\/rosycakesmadrid.com\/en\/wedding-cake-photo-gallery\/\" tabindex=\"-1\"><img fetchpriority=\"high\" decoding=\"async\" width=\"600\" height=\"800\" src=\"https:\/\/rosycakesmadrid.com\/wp-content\/uploads\/2023\/11\/tarta-bodas-madrid-uno-dos-tres-piso-8.webp\" class=\"attachment-full size-full wp-image-1500\" alt=\"Rosy Cakes|Picture Gallery of Cakes\" title=\"Rosy Cakes | Photo Gallery of Cakes\" srcset=\"https:\/\/rosycakesmadrid.com\/wp-content\/uploads\/2023\/11\/tarta-bodas-madrid-uno-dos-tres-piso-8.webp 600w, https:\/\/rosycakesmadrid.com\/wp-content\/uploads\/2023\/11\/tarta-bodas-madrid-uno-dos-tres-piso-8-120x160.webp 120w, https:\/\/rosycakesmadrid.com\/wp-content\/uploads\/2023\/11\/tarta-bodas-madrid-uno-dos-tres-piso-8-225x300.webp 225w, https:\/\/rosycakesmadrid.com\/wp-content\/uploads\/2023\/11\/tarta-bodas-madrid-uno-dos-tres-piso-8-98x130.webp 98w, https:\/\/rosycakesmadrid.com\/wp-content\/uploads\/2023\/11\/tarta-bodas-madrid-uno-dos-tres-piso-8-300x400.webp 300w\" sizes=\"(max-width: 600px) 100vw, 600px\" \/><\/a><\/figure><div class=\"elementor-image-box-content\"><h3 class=\"elementor-image-box-title\"><a href=\"https:\/\/rosycakesmadrid.com\/en\/wedding-cake-photo-gallery\/\">Wedding Cake Photos<\/a><\/h3><\/div><\/div>\t\t\t\t<\/div>\n\t\t\t\t<\/div>\n\t\t<div class=\"elementor-element elementor-element-4647405 e-con-full e-flex e-con e-parent\" data-id=\"4647405\" data-element_type=\"container\" data-settings=\"{&quot;_ob_use_container_extras&quot;:&quot;no&quot;,&quot;_ob_column_hoveranimator&quot;:&quot;no&quot;,&quot;_ob_glider_is_slider&quot;:&quot;no&quot;,&quot;_ob_column_has_pseudo&quot;:&quot;no&quot;}\">\n\t\t\t\t<div class=\"elementor-element elementor-element-f066465 elementor-position-top ob-has-background-overlay elementor-widget elementor-widget-image-box\" data-id=\"f066465\" data-element_type=\"widget\" data-settings=\"{&quot;_ob_widget_stalker_use&quot;:&quot;no&quot;,&quot;_ob_poopart_use&quot;:&quot;yes&quot;,&quot;_ob_shadough_use&quot;:&quot;no&quot;,&quot;_ob_allow_hoveranimator&quot;:&quot;no&quot;}\" data-widget_type=\"image-box.default\">\n\t\t\t\t\t<div class=\"elementor-image-box-wrapper\"><figure class=\"elementor-image-box-img\"><a href=\"https:\/\/rosycakesmadrid.com\/en\/photo-gallery-unicorn-cakes\/\" tabindex=\"-1\"><img decoding=\"async\" width=\"600\" height=\"800\" src=\"https:\/\/rosycakesmadrid.com\/wp-content\/uploads\/2023\/11\/tartas-personalizadas-unicornios-cumpleanos-madrid-7.webp\" class=\"attachment-full size-full wp-image-1498\" alt=\"Rosy Cakes|Picture Gallery of Cakes\" title=\"Rosy Cakes | Photo Gallery of Cakes\" srcset=\"https:\/\/rosycakesmadrid.com\/wp-content\/uploads\/2023\/11\/tartas-personalizadas-unicornios-cumpleanos-madrid-7.webp 600w, https:\/\/rosycakesmadrid.com\/wp-content\/uploads\/2023\/11\/tartas-personalizadas-unicornios-cumpleanos-madrid-7-120x160.webp 120w, https:\/\/rosycakesmadrid.com\/wp-content\/uploads\/2023\/11\/tartas-personalizadas-unicornios-cumpleanos-madrid-7-225x300.webp 225w, https:\/\/rosycakesmadrid.com\/wp-content\/uploads\/2023\/11\/tartas-personalizadas-unicornios-cumpleanos-madrid-7-98x130.webp 98w, https:\/\/rosycakesmadrid.com\/wp-content\/uploads\/2023\/11\/tartas-personalizadas-unicornios-cumpleanos-madrid-7-300x400.webp 300w\" sizes=\"(max-width: 600px) 100vw, 600px\" \/><\/a><\/figure><div class=\"elementor-image-box-content\"><h3 class=\"elementor-image-box-title\"><a href=\"https:\/\/rosycakesmadrid.com\/en\/photo-gallery-unicorn-cakes\/\">Photos Unicorn Cakes <\/a><\/h3><\/div><\/div>\t\t\t\t<\/div>\n\t\t\t\t<\/div>\n\t\t<div class=\"elementor-element elementor-element-2dc786a e-con-full e-flex e-con e-parent\" data-id=\"2dc786a\" data-element_type=\"container\" data-settings=\"{&quot;_ob_use_container_extras&quot;:&quot;no&quot;,&quot;_ob_column_hoveranimator&quot;:&quot;no&quot;,&quot;_ob_glider_is_slider&quot;:&quot;no&quot;,&quot;_ob_column_has_pseudo&quot;:&quot;no&quot;}\">\n\t\t\t\t<div class=\"elementor-element elementor-element-9798a6e elementor-position-top ob-has-background-overlay elementor-widget elementor-widget-image-box\" data-id=\"9798a6e\" data-element_type=\"widget\" data-settings=\"{&quot;_ob_widget_stalker_use&quot;:&quot;no&quot;,&quot;_ob_poopart_use&quot;:&quot;yes&quot;,&quot;_ob_shadough_use&quot;:&quot;no&quot;,&quot;_ob_allow_hoveranimator&quot;:&quot;no&quot;}\" data-widget_type=\"image-box.default\">\n\t\t\t\t\t<div class=\"elementor-image-box-wrapper\"><figure class=\"elementor-image-box-img\"><a href=\"https:\/\/rosycakesmadrid.com\/en\/photo-gallery-personalised-basic-birthday-cakes\/\" tabindex=\"-1\"><img decoding=\"async\" width=\"600\" height=\"800\" src=\"https:\/\/rosycakesmadrid.com\/wp-content\/uploads\/2023\/11\/tartas-personalizadas-madrid-basica-5.webp\" class=\"attachment-full size-full wp-image-1391\" alt=\"Rosy Cakes|Picture Gallery of Cakes\" title=\"Rosy Cakes | Photo Gallery of Cakes\" srcset=\"https:\/\/rosycakesmadrid.com\/wp-content\/uploads\/2023\/11\/tartas-personalizadas-madrid-basica-5.webp 600w, https:\/\/rosycakesmadrid.com\/wp-content\/uploads\/2023\/11\/tartas-personalizadas-madrid-basica-5-120x160.webp 120w, https:\/\/rosycakesmadrid.com\/wp-content\/uploads\/2023\/11\/tartas-personalizadas-madrid-basica-5-225x300.webp 225w, https:\/\/rosycakesmadrid.com\/wp-content\/uploads\/2023\/11\/tartas-personalizadas-madrid-basica-5-98x130.webp 98w, https:\/\/rosycakesmadrid.com\/wp-content\/uploads\/2023\/11\/tartas-personalizadas-madrid-basica-5-300x400.webp 300w\" sizes=\"(max-width: 600px) 100vw, 600px\" \/><\/a><\/figure><div class=\"elementor-image-box-content\"><h3 class=\"elementor-image-box-title\"><a href=\"https:\/\/rosycakesmadrid.com\/en\/photo-gallery-personalised-basic-birthday-cakes\/\">Photos Basic Cakes <\/a><\/h3><\/div><\/div>\t\t\t\t<\/div>\n\t\t\t\t<\/div>\n\t\t\t\t\t<\/div>\n\t\t\t\t<\/div>\n\t\t<div class=\"elementor-element elementor-element-38f2194 e-flex e-con-boxed e-con e-parent\" data-id=\"38f2194\" data-element_type=\"container\" data-settings=\"{&quot;_ob_use_container_extras&quot;:&quot;no&quot;,&quot;_ob_column_hoveranimator&quot;:&quot;no&quot;,&quot;_ob_glider_is_slider&quot;:&quot;no&quot;,&quot;_ob_column_has_pseudo&quot;:&quot;no&quot;}\">\n\t\t\t\t\t<div class=\"e-con-inner\">\n\t\t<div class=\"elementor-element elementor-element-0614800 e-con-full e-flex e-con e-parent\" data-id=\"0614800\" data-element_type=\"container\" data-settings=\"{&quot;_ob_use_container_extras&quot;:&quot;no&quot;,&quot;_ob_column_hoveranimator&quot;:&quot;no&quot;,&quot;_ob_glider_is_slider&quot;:&quot;no&quot;,&quot;_ob_column_has_pseudo&quot;:&quot;no&quot;}\">\n\t\t\t\t<div class=\"elementor-element elementor-element-c488b13 ob-has-background-overlay elementor-widget elementor-widget-spacer\" data-id=\"c488b13\" data-element_type=\"widget\" data-settings=\"{&quot;_ob_spacerat_use&quot;:&quot;no&quot;,&quot;_ob_widget_stalker_use&quot;:&quot;no&quot;,&quot;_ob_poopart_use&quot;:&quot;yes&quot;,&quot;_ob_shadough_use&quot;:&quot;no&quot;,&quot;_ob_allow_hoveranimator&quot;:&quot;no&quot;}\" data-widget_type=\"spacer.default\">\n\t\t\t\t\t\t\t<div class=\"elementor-spacer\">\n\t\t\t<div class=\"elementor-spacer-inner\"><\/div>\n\t\t<\/div>\n\t\t\t\t\t\t<\/div>\n\t\t\t\t<\/div>\n\t\t<div class=\"elementor-element elementor-element-7ad29cc e-con-full e-flex e-con e-parent\" data-id=\"7ad29cc\" data-element_type=\"container\" data-settings=\"{&quot;_ob_use_container_extras&quot;:&quot;no&quot;,&quot;_ob_column_hoveranimator&quot;:&quot;no&quot;,&quot;_ob_glider_is_slider&quot;:&quot;no&quot;,&quot;_ob_column_has_pseudo&quot;:&quot;no&quot;}\">\n\t\t\t\t<div class=\"elementor-element elementor-element-177ab4e elementor-position-top ob-has-background-overlay elementor-widget elementor-widget-image-box\" data-id=\"177ab4e\" data-element_type=\"widget\" data-settings=\"{&quot;_ob_widget_stalker_use&quot;:&quot;no&quot;,&quot;_ob_poopart_use&quot;:&quot;yes&quot;,&quot;_ob_shadough_use&quot;:&quot;no&quot;,&quot;_ob_allow_hoveranimator&quot;:&quot;no&quot;}\" data-widget_type=\"image-box.default\">\n\t\t\t\t\t<div class=\"elementor-image-box-wrapper\"><figure class=\"elementor-image-box-img\"><a href=\"https:\/\/rosycakesmadrid.com\/en\/photo-gallery-of-cakes\/photo-gallery-of-cakes-with-toppers\/\" tabindex=\"-1\"><img loading=\"lazy\" decoding=\"async\" width=\"343\" height=\"426\" src=\"https:\/\/rosycakesmadrid.com\/wp-content\/uploads\/2023\/10\/tartas-personalizadas-patrulla-canina-cumpleanos.webp\" class=\"attachment-full size-full wp-image-255\" alt=\"Rosy Cakes|Picture Gallery of Cakes\" title=\"Rosy Cakes | Photo Gallery of Cakes\" srcset=\"https:\/\/rosycakesmadrid.com\/wp-content\/uploads\/2023\/10\/tartas-personalizadas-patrulla-canina-cumpleanos.webp 343w, https:\/\/rosycakesmadrid.com\/wp-content\/uploads\/2023\/10\/tartas-personalizadas-patrulla-canina-cumpleanos-100x124.webp 100w, https:\/\/rosycakesmadrid.com\/wp-content\/uploads\/2023\/10\/tartas-personalizadas-patrulla-canina-cumpleanos-120x149.webp 120w, https:\/\/rosycakesmadrid.com\/wp-content\/uploads\/2023\/10\/tartas-personalizadas-patrulla-canina-cumpleanos-242x300.webp 242w\" sizes=\"(max-width: 343px) 100vw, 343px\" \/><\/a><\/figure><div class=\"elementor-image-box-content\"><h3 class=\"elementor-image-box-title\"><a href=\"https:\/\/rosycakesmadrid.com\/en\/photo-gallery-of-cakes\/photo-gallery-of-cakes-with-toppers\/\">Photos Cakes with Toppers<\/a><\/h3><\/div><\/div>\t\t\t\t<\/div>\n\t\t\t\t<\/div>\n\t\t<div class=\"elementor-element elementor-element-74b9be3 e-con-full e-flex e-con e-parent\" data-id=\"74b9be3\" data-element_type=\"container\" data-settings=\"{&quot;_ob_use_container_extras&quot;:&quot;no&quot;,&quot;_ob_column_hoveranimator&quot;:&quot;no&quot;,&quot;_ob_glider_is_slider&quot;:&quot;no&quot;,&quot;_ob_column_has_pseudo&quot;:&quot;no&quot;}\">\n\t\t\t\t<div class=\"elementor-element elementor-element-dec8709 ob-has-background-overlay elementor-widget elementor-widget-spacer\" data-id=\"dec8709\" data-element_type=\"widget\" data-settings=\"{&quot;_ob_spacerat_use&quot;:&quot;no&quot;,&quot;_ob_widget_stalker_use&quot;:&quot;no&quot;,&quot;_ob_poopart_use&quot;:&quot;yes&quot;,&quot;_ob_shadough_use&quot;:&quot;no&quot;,&quot;_ob_allow_hoveranimator&quot;:&quot;no&quot;}\" data-widget_type=\"spacer.default\">\n\t\t\t\t\t\t\t<div class=\"elementor-spacer\">\n\t\t\t<div class=\"elementor-spacer-inner\"><\/div>\n\t\t<\/div>\n\t\t\t\t\t\t<\/div>\n\t\t\t\t<\/div>\n\t\t\t\t\t<\/div>\n\t\t\t\t<\/div>\n\t\t<div class=\"elementor-element elementor-element-5638dd6 e-flex e-con-boxed e-con e-parent\" data-id=\"5638dd6\" data-element_type=\"container\" data-settings=\"{&quot;background_background&quot;:&quot;classic&quot;,&quot;_ob_use_container_extras&quot;:&quot;no&quot;,&quot;_ob_column_hoveranimator&quot;:&quot;no&quot;,&quot;_ob_glider_is_slider&quot;:&quot;no&quot;,&quot;_ob_column_has_pseudo&quot;:&quot;no&quot;}\">\n\t\t\t\t\t<div class=\"e-con-inner\">\n\t\t<div class=\"elementor-element elementor-element-c2229d8 e-con-full e-flex e-con e-parent\" data-id=\"c2229d8\" data-element_type=\"container\" data-settings=\"{&quot;_ob_use_container_extras&quot;:&quot;no&quot;,&quot;_ob_column_hoveranimator&quot;:&quot;no&quot;,&quot;_ob_glider_is_slider&quot;:&quot;no&quot;,&quot;_ob_column_has_pseudo&quot;:&quot;no&quot;}\">\n\t\t\t\t<div class=\"elementor-element elementor-element-317868a ob-harakiri-inherit elementor-invisible ob-has-background-overlay elementor-widget elementor-widget-heading\" data-id=\"317868a\" data-element_type=\"widget\" data-settings=\"{&quot;_animation&quot;:&quot;fadeIn&quot;,&quot;_ob_use_harakiri&quot;:&quot;yes&quot;,&quot;_ob_harakiri_writing_mode&quot;:&quot;inherit&quot;,&quot;_ob_harakiri_text_clip&quot;:&quot;none&quot;,&quot;_ob_widget_stalker_use&quot;:&quot;no&quot;,&quot;_ob_poopart_use&quot;:&quot;yes&quot;,&quot;_ob_shadough_use&quot;:&quot;no&quot;,&quot;_ob_allow_hoveranimator&quot;:&quot;no&quot;}\" data-widget_type=\"heading.default\">\n\t\t\t\t\t<span class=\"elementor-heading-title elementor-size-default\">Inspiration for your Next Cake \ud83c\udf70\u2728\n\n<\/span>\t\t\t\t<\/div>\n\t\t\t\t<div class=\"elementor-element elementor-element-c9da41f ob-harakiri-inherit ob-has-background-overlay elementor-widget elementor-widget-text-editor\" data-id=\"c9da41f\" data-element_type=\"widget\" data-settings=\"{&quot;_ob_use_harakiri&quot;:&quot;yes&quot;,&quot;_ob_harakiri_writing_mode&quot;:&quot;inherit&quot;,&quot;_ob_postman_use&quot;:&quot;no&quot;,&quot;_ob_widget_stalker_use&quot;:&quot;no&quot;,&quot;_ob_poopart_use&quot;:&quot;yes&quot;,&quot;_ob_shadough_use&quot;:&quot;no&quot;,&quot;_ob_allow_hoveranimator&quot;:&quot;no&quot;}\" data-widget_type=\"text-editor.default\">\n\t\t\t\t\t\t\t\t\t<div class=\"group w-full text-token-text-primary border-b border-black\/10 gizmo:border-0 dark:border-gray-900\/50 gizmo:dark:border-0 bg-gray-50 gizmo:bg-transparent dark:bg-[#444654] gizmo:dark:bg-transparent\" data-testid=\"conversation-turn-138\"><div class=\"p-4 gizmo:py-2 justify-center text-base md:gap-6 md:py-6 m-auto\"><div class=\"flex flex-1 gap-4 text-base mx-auto md:gap-6 gizmo:gap-3 gizmo:md:px-5 gizmo:lg:px-1 gizmo:xl:px-5 md:max-w-2xl lg:max-w-[38rem] gizmo:md:max-w-3xl gizmo:lg:max-w-[40rem] gizmo:xl:max-w-[48rem] xl:max-w-3xl }\"><div class=\"relative flex w-[calc(100%-50px)] flex-col gizmo:w-full lg:w-[calc(100%-115px)] agent-turn\"><div class=\"flex-col gap-1 md:gap-3\"><div class=\"flex flex-grow flex-col max-w-full gap-3 gizmo:gap-0\"><div class=\"min-h-[20px] flex flex-col items-start gap-3 whitespace-pre-wrap break-words overflow-x-auto\" data-message-author-role=\"assistant\" data-message-id=\"694940db-9190-4689-9c6a-5593d663ab4d\"><div class=\"markdown prose w-full break-words dark:prose-invert dark\"><p>Our category gallery is a place where magic comes to life. We've selected some of our best creations to inspire you and help you bring your ideas to life. Each category is a journey of taste and creativity, and we are here to guide you through this delicious world.<\/p><\/div><\/div><\/div><\/div><\/div><\/div><\/div><\/div>\t\t\t\t\t\t\t\t<\/div>\n\t\t\t\t<\/div>\n\t\t\t\t\t<\/div>\n\t\t\t\t<\/div>\n\t\t\t\t<\/div>","protected":false},"excerpt":{"rendered":"<p>Galeria de Fotos de Tartas Fotos Tartas Boda Fotos Tartas Unicornio Fotos Tartas B\u00e1sicas Fotos Tartas con Toppers Inspiraci\u00f3n para tu Pr\u00f3xima Tarta \ud83c\udf70\u2728 Nuestra galer\u00eda de categor\u00edas es un lugar donde la magia cobra vida. Hemos seleccionado algunas de nuestras mejores creaciones para inspirarte y ayudarte a dar vida a tus ideas. Cada categor\u00eda [&hellip;]<\/p>","protected":false},"author":1,"featured_media":0,"parent":0,"menu_order":0,"comment_status":"closed","ping_status":"closed","template":"","meta":{"_acf_changed":false,"_joinchat":[],"footnotes":""},"class_list":["post-1494","page","type-page","status-publish","hentry"],"acf":[],"_links":{"self":[{"href":"https:\/\/rosycakesmadrid.com\/en\/wp-json\/wp\/v2\/pages\/1494","targetHints":{"allow":["GET"]}}],"collection":[{"href":"https:\/\/rosycakesmadrid.com\/en\/wp-json\/wp\/v2\/pages"}],"about":[{"href":"https:\/\/rosycakesmadrid.com\/en\/wp-json\/wp\/v2\/types\/page"}],"author":[{"embeddable":true,"href":"https:\/\/rosycakesmadrid.com\/en\/wp-json\/wp\/v2\/users\/1"}],"replies":[{"embeddable":true,"href":"https:\/\/rosycakesmadrid.com\/en\/wp-json\/wp\/v2\/comments?post=1494"}],"version-history":[{"count":1,"href":"https:\/\/rosycakesmadrid.com\/en\/wp-json\/wp\/v2\/pages\/1494\/revisions"}],"predecessor-version":[{"id":4105,"href":"https:\/\/rosycakesmadrid.com\/en\/wp-json\/wp\/v2\/pages\/1494\/revisions\/4105"}],"wp:attachment":[{"href":"https:\/\/rosycakesmadrid.com\/en\/wp-json\/wp\/v2\/media?parent=1494"}],"curies":[{"name":"wp","href":"https:\/\/api.w.org\/{rel}","templated":true}]}}